{"id":733,"date":"2024-10-20T16:20:00","date_gmt":"2024-10-20T14:20:00","guid":{"rendered":"https:\/\/lacabaneauxmilleet1couleurs.fr\/?page_id=733"},"modified":"2024-11-24T20:00:12","modified_gmt":"2024-11-24T19:00:12","slug":"index","status":"publish","type":"page","link":"https:\/\/lacabaneauxmilleet1couleurs.fr\/index.php\/index\/","title":{"rendered":"INDEX"},"content":{"rendered":"\n<p><strong>L\u2019index est l\u00e0 pour faciliter vos recherches selon les sujets qui vous int\u00e9ressent. Cherchez-le, puis cliquez sur les num\u00e9ros \u00e0 c\u00f4t\u00e9 de vos mots cl\u00e9s, ils vous renverront directement sur les articles correspondants. Chaque num\u00e9ro correspond \u00e0 un article.<\/strong><\/p>\n\n\n\n<p><strong>A<\/strong>&nbsp;<\/p>\n\n\n\n<p>Accompagnement th\u00e9rapeutique: <a href=\"https:\/\/lacabaneauxmilleet1couleurs.fr\/index.php\/2024\/06\/09\/quel-traitement\/\">1<\/a>, <a href=\"https:\/\/lacabaneauxmilleet1couleurs.fr\/index.php\/2024\/11\/23\/le-saviez-vous\/\">2<\/a>, <\/p>\n\n\n\n<p>Aide humaine<\/p>\n\n\n\n<p>Aides financi\u00e8res: <\/p>\n\n\n\n<p>AJPP<\/p>\n\n\n\n<p>Association: <a href=\"https:\/\/lacabaneauxmilleet1couleurs.fr\/index.php\/nos-missions\/\">1<\/a><\/p>\n\n\n\n<p>Ateliers: <a href=\"https:\/\/lacabaneauxmilleet1couleurs.fr\/index.php\/atelier-de-psychomotricite-libre-parents-enfants\/\">1<\/a>. <a href=\"https:\/\/lacabaneauxmilleet1couleurs.fr\/index.php\/2024\/10\/20\/la-fete-de-lassociation\/\">2<\/a>. <a href=\"https:\/\/lacabaneauxmilleet1couleurs.fr\/index.php\/2024\/10\/20\/la-fete-de-la-science\/\">3<\/a>, <a href=\"https:\/\/lacabaneauxmilleet1couleurs.fr\/index.php\/2024\/10\/20\/le-vendredi-des-parents-un-temps-dechange-et-de-partage\/\">4<\/a>, <\/p>\n\n\n\n<p><strong>B<\/strong><\/p>\n\n\n\n<p><strong>C<\/strong><\/p>\n\n\n\n<p>Carte vitale<\/p>\n\n\n\n<p>Comportement<\/p>\n\n\n\n<p><strong>D<\/strong><\/p>\n\n\n\n<p>Devoirs scolaires<\/p>\n\n\n\n<p>Diagnostic<\/p>\n\n\n\n<p>Dossier MDPH<\/p>\n\n\n\n<p>Dyscalculie<\/p>\n\n\n\n<p>Dysgraphie<\/p>\n\n\n\n<p>Dyslexie<\/p>\n\n\n\n<p>Dysorthographie<\/p>\n\n\n\n<p>Dyspraxie<\/p>\n\n\n\n<p><strong>E<\/strong><\/p>\n\n\n\n<p>Ecole<\/p>\n\n\n\n<p>Emotions<\/p>\n\n\n\n<p>Endormissement<\/p>\n\n\n\n<p><strong>F<\/strong><\/p>\n\n\n\n<p>Famille<\/p>\n\n\n\n<p><strong>G<\/strong><\/p>\n\n\n\n<p>G\u00e9n\u00e9rateur de feuille adapt\u00e9e<\/p>\n\n\n\n<p><strong>H<\/strong><\/p>\n\n\n\n<p>Humour<\/p>\n\n\n\n<p>Hygi\u00e8ne de vie<\/p>\n\n\n\n<p><strong>I<\/strong><\/p>\n\n\n\n<p><strong>J<\/strong><\/p>\n\n\n\n<p>Jouet\/jeux<\/p>\n\n\n\n<p><strong>K<\/strong><\/p>\n\n\n\n<p><strong>L<\/strong><\/p>\n\n\n\n<p>Lecture<\/p>\n\n\n\n<p><strong>M<\/strong><\/p>\n\n\n\n<p>Mal des transports<\/p>\n\n\n\n<p>MDPH<\/p>\n\n\n\n<p><strong>N<\/strong><\/p>\n\n\n\n<p><strong>O<\/strong><\/p>\n\n\n\n<p>Outils scolaire<\/p>\n\n\n\n<p>Outils sensoriel<\/p>\n\n\n\n<p><strong>P<\/strong><\/p>\n\n\n\n<p><strong>Q<\/strong><\/p>\n\n\n\n<p><strong>R<\/strong><\/p>\n\n\n\n<p>R\u00e9\u00e9ducation<\/p>\n\n\n\n<p>R\u00e8gles de vie<\/p>\n\n\n\n<p>R\u00e9unions scolaires<\/p>\n\n\n\n<p>Rituel<\/p>\n\n\n\n<p><strong>S<\/strong><\/p>\n\n\n\n<p>Sensorialit\u00e9<\/p>\n\n\n\n<p>Sommeil<\/p>\n\n\n\n<p>Stimulations<\/p>\n\n\n\n<p><strong>T<\/strong><\/p>\n\n\n\n<p>Tableau de comportement<\/p>\n\n\n\n<p>TDA\/H<\/p>\n\n\n\n<p>TDC, trouble du d\u00e9veloppement des coordinations<\/p>\n\n\n\n<p>TOP, troubl d\u2019opposition avec provocation<\/p>\n\n\n\n<p>Traitement<\/p>\n\n\n\n<p>Troubles dys&nbsp;<\/p>\n\n\n\n<p>TSLE<\/p>\n\n\n\n<p><strong>U<\/strong><\/p>\n\n\n\n<p><strong>V<\/strong><\/p>\n\n\n\n<p><strong>W<\/strong><\/p>\n\n\n\n<p><strong>X<\/strong><\/p>\n\n\n\n<p><strong>Y<\/strong><\/p>\n\n\n\n<p><strong>Z<\/strong><\/p>\n","protected":false},"excerpt":{"rendered":"<p>L\u2019index est l\u00e0 pour faciliter vos recherches selon les sujets qui vous int\u00e9ressent. Cherchez-le, puis cliquez sur les num\u00e9ros \u00e0 c\u00f4t\u00e9 de vos mots cl\u00e9s, ils vous renverront directement sur les articles correspondants. Chaque num\u00e9ro correspond \u00e0 un article. A&nbsp; Accompagnement th\u00e9rapeutique: 1, 2, Aide humaine Aides financi\u00e8res: AJPP Association: 1 Ateliers: 1. 2. 3, [&hellip;]<\/p>\n","protected":false},"author":1,"featured_media":0,"parent":0,"menu_order":0,"comment_status":"closed","ping_status":"closed","template":"","meta":{"ocean_post_layout":"","ocean_both_sidebars_style":"","ocean_both_sidebars_content_width":0,"ocean_both_sidebars_sidebars_width":0,"ocean_sidebar":"","ocean_second_sidebar":"","ocean_disable_margins":"enable","ocean_add_body_class":"","ocean_shortcode_before_top_bar":"","ocean_shortcode_after_top_bar":"","ocean_shortcode_before_header":"","ocean_shortcode_after_header":"","ocean_has_shortcode":"","ocean_shortcode_after_title":"","ocean_shortcode_before_footer_widgets":"","ocean_shortcode_after_footer_widgets":"","ocean_shortcode_before_footer_bottom":"","ocean_shortcode_after_footer_bottom":"","ocean_display_top_bar":"default","ocean_display_header":"default","ocean_header_style":"","ocean_center_header_left_menu":"","ocean_custom_header_template":"","ocean_custom_logo":0,"ocean_custom_retina_logo":0,"ocean_custom_logo_max_width":0,"ocean_custom_logo_tablet_max_width":0,"ocean_custom_logo_mobile_max_width":0,"ocean_custom_logo_max_height":0,"ocean_custom_logo_tablet_max_height":0,"ocean_custom_logo_mobile_max_height":0,"ocean_header_custom_menu":"","ocean_menu_typo_font_family":"","ocean_menu_typo_font_subset":"","ocean_menu_typo_font_size":0,"ocean_menu_typo_font_size_tablet":0,"ocean_menu_typo_font_size_mobile":0,"ocean_menu_typo_font_size_unit":"px","ocean_menu_typo_font_weight":"","ocean_menu_typo_font_weight_tablet":"","ocean_menu_typo_font_weight_mobile":"","ocean_menu_typo_transform":"","ocean_menu_typo_transform_tablet":"","ocean_menu_typo_transform_mobile":"","ocean_menu_typo_line_height":0,"ocean_menu_typo_line_height_tablet":0,"ocean_menu_typo_line_height_mobile":0,"ocean_menu_typo_line_height_unit":"","ocean_menu_typo_spacing":0,"ocean_menu_typo_spacing_tablet":0,"ocean_menu_typo_spacing_mobile":0,"ocean_menu_typo_spacing_unit":"","ocean_menu_link_color":"","ocean_menu_link_color_hover":"","ocean_menu_link_color_active":"","ocean_menu_link_background":"","ocean_menu_link_hover_background":"","ocean_menu_link_active_background":"","ocean_menu_social_links_bg":"","ocean_menu_social_hover_links_bg":"","ocean_menu_social_links_color":"","ocean_menu_social_hover_links_color":"","ocean_disable_title":"default","ocean_disable_heading":"default","ocean_post_title":"","ocean_post_subheading":"","ocean_post_title_style":"","ocean_post_title_background_color":"","ocean_post_title_background":0,"ocean_post_title_bg_image_position":"","ocean_post_title_bg_image_attachment":"","ocean_post_title_bg_image_repeat":"","ocean_post_title_bg_image_size":"","ocean_post_title_height":0,"ocean_post_title_bg_overlay":0.5,"ocean_post_title_bg_overlay_color":"","ocean_disable_breadcrumbs":"default","ocean_breadcrumbs_color":"","ocean_breadcrumbs_separator_color":"","ocean_breadcrumbs_links_color":"","ocean_breadcrumbs_links_hover_color":"","ocean_display_footer_widgets":"default","ocean_display_footer_bottom":"default","ocean_custom_footer_template":"","footnotes":""},"class_list":["post-733","page","type-page","status-publish","hentry","entry"],"_links":{"self":[{"href":"https:\/\/lacabaneauxmilleet1couleurs.fr\/index.php\/wp-json\/wp\/v2\/pages\/733","targetHints":{"allow":["GET"]}}],"collection":[{"href":"https:\/\/lacabaneauxmilleet1couleurs.fr\/index.php\/wp-json\/wp\/v2\/pages"}],"about":[{"href":"https:\/\/lacabaneauxmilleet1couleurs.fr\/index.php\/wp-json\/wp\/v2\/types\/page"}],"author":[{"embeddable":true,"href":"https:\/\/lacabaneauxmilleet1couleurs.fr\/index.php\/wp-json\/wp\/v2\/users\/1"}],"replies":[{"embeddable":true,"href":"https:\/\/lacabaneauxmilleet1couleurs.fr\/index.php\/wp-json\/wp\/v2\/comments?post=733"}],"version-history":[{"count":4,"href":"https:\/\/lacabaneauxmilleet1couleurs.fr\/index.php\/wp-json\/wp\/v2\/pages\/733\/revisions"}],"predecessor-version":[{"id":952,"href":"https:\/\/lacabaneauxmilleet1couleurs.fr\/index.php\/wp-json\/wp\/v2\/pages\/733\/revisions\/952"}],"wp:attachment":[{"href":"https:\/\/lacabaneauxmilleet1couleurs.fr\/index.php\/wp-json\/wp\/v2\/media?parent=733"}],"curies":[{"name":"wp","href":"https:\/\/api.w.org\/{rel}","templated":true}]}}