{"id":453,"date":"2024-05-05T14:57:11","date_gmt":"2024-05-05T12:57:11","guid":{"rendered":"https:\/\/lacabaneauxmilleet1couleursgmail.com\/?page_id=453"},"modified":"2025-03-23T11:33:14","modified_gmt":"2025-03-23T10:33:14","slug":"atelier-de-psychomotricite-libre-parents-enfants","status":"publish","type":"page","link":"https:\/\/lacabaneauxmilleet1couleurs.fr\/index.php\/atelier-de-psychomotricite-libre-parents-enfants\/","title":{"rendered":"Atelier de psychomotricit\u00e9 libre parents\/enfants"},"content":{"rendered":"\n<p>Chaque premier samedi matin du mois, nous vous proposons de profiter d\u2019un moment privil\u00e9gi\u00e9 avec vos enfants autour de jeux libres et d\u2019activit\u00e9s ludique et \u00e9ducatives.<\/p>\n\n\n\n<figure class=\"wp-block-gallery has-nested-images columns-default is-cropped wp-block-gallery-1 is-layout-flex wp-block-gallery-is-layout-flex\"><\/figure>\n\n\n\n<p>Vous pourrez \u00e9changer avec l\u2019\u00e9quipe de b\u00e9n\u00e9voles, professionnels de l\u2019enfance et de la sant\u00e9. Nous pouvons aborder vos questions autour du d\u00e9veloppement psychomoteur, de la scolarit\u00e9, des accompagnements potentiels dont vous pourriez avoir besoin et vous faire profiter de notre r\u00e9seau.<\/p>\n\n\n\n<p>Vous pourrez \u00e9galement rencontrer d\u2019autres familles pour discuter, vous sentir moins seul et partager &nbsp;vos conseils et astuces.<\/p>\n\n\n\n<p>Les ateliers&nbsp;:<\/p>\n\n\n\n<figure class=\"wp-block-gallery has-nested-images columns-default is-cropped wp-block-gallery-2 is-layout-flex wp-block-gallery-is-layout-flex\">\n<figure class=\"wp-block-image size-large is-resized\"><img fetchpriority=\"high\" decoding=\"async\" width=\"768\" height=\"1024\" data-id=\"591\" src=\"https:\/\/lacabaneauxmilleet1couleursgmail.com\/wp-content\/uploads\/2024\/06\/447710546_1225242315504417_8657400063794908239_n-1-768x1024.jpg\" alt=\"\" class=\"wp-image-591\" style=\"width:187px;height:auto\" srcset=\"https:\/\/lacabaneauxmilleet1couleurs.fr\/wp-content\/uploads\/2024\/06\/447710546_1225242315504417_8657400063794908239_n-1-768x1024.jpg 768w, https:\/\/lacabaneauxmilleet1couleurs.fr\/wp-content\/uploads\/2024\/06\/447710546_1225242315504417_8657400063794908239_n-1-225x300.jpg 225w, https:\/\/lacabaneauxmilleet1couleurs.fr\/wp-content\/uploads\/2024\/06\/447710546_1225242315504417_8657400063794908239_n-1-1152x1536.jpg 1152w, https:\/\/lacabaneauxmilleet1couleurs.fr\/wp-content\/uploads\/2024\/06\/447710546_1225242315504417_8657400063794908239_n-1.jpg 1200w\" sizes=\"(max-width: 768px) 100vw, 768px\" \/><\/figure>\n\n\n\n<figure class=\"wp-block-image size-large is-resized\"><img decoding=\"async\" width=\"1024\" height=\"768\" data-id=\"593\" src=\"https:\/\/lacabaneauxmilleet1couleursgmail.com\/wp-content\/uploads\/2024\/06\/441187753_830150575802065_5413874186268906438_n-1024x768.jpg\" alt=\"\" class=\"wp-image-593\" style=\"width:245px;height:auto\" srcset=\"https:\/\/lacabaneauxmilleet1couleurs.fr\/wp-content\/uploads\/2024\/06\/441187753_830150575802065_5413874186268906438_n-1024x768.jpg 1024w, https:\/\/lacabaneauxmilleet1couleurs.fr\/wp-content\/uploads\/2024\/06\/441187753_830150575802065_5413874186268906438_n-300x225.jpg 300w, https:\/\/lacabaneauxmilleet1couleurs.fr\/wp-content\/uploads\/2024\/06\/441187753_830150575802065_5413874186268906438_n-768x576.jpg 768w, https:\/\/lacabaneauxmilleet1couleurs.fr\/wp-content\/uploads\/2024\/06\/441187753_830150575802065_5413874186268906438_n-1536x1152.jpg 1536w, https:\/\/lacabaneauxmilleet1couleurs.fr\/wp-content\/uploads\/2024\/06\/441187753_830150575802065_5413874186268906438_n.jpg 2016w\" sizes=\"(max-width: 1024px) 100vw, 1024px\" \/><\/figure>\n\n\n\n<figure class=\"wp-block-image size-large is-resized\"><img decoding=\"async\" width=\"768\" height=\"1024\" data-id=\"592\" src=\"https:\/\/lacabaneauxmilleet1couleursgmail.com\/wp-content\/uploads\/2024\/06\/441194147_409925275229453_3751017291141892118_n-768x1024.jpg\" alt=\"\" class=\"wp-image-592\" style=\"width:153px;height:auto\" srcset=\"https:\/\/lacabaneauxmilleet1couleurs.fr\/wp-content\/uploads\/2024\/06\/441194147_409925275229453_3751017291141892118_n-768x1024.jpg 768w, https:\/\/lacabaneauxmilleet1couleurs.fr\/wp-content\/uploads\/2024\/06\/441194147_409925275229453_3751017291141892118_n-225x300.jpg 225w, https:\/\/lacabaneauxmilleet1couleurs.fr\/wp-content\/uploads\/2024\/06\/441194147_409925275229453_3751017291141892118_n-1152x1536.jpg 1152w, https:\/\/lacabaneauxmilleet1couleurs.fr\/wp-content\/uploads\/2024\/06\/441194147_409925275229453_3751017291141892118_n.jpg 1512w\" sizes=\"(max-width: 768px) 100vw, 768px\" \/><\/figure>\n<\/figure>\n\n\n\n<ul class=\"wp-block-list\">\n<li>Samedi matin&nbsp;: le 1<sup>er<\/sup> samedi du mois de 9h \u00e0 12h, dernier accueil \u00e0 11h30.<\/li>\n<\/ul>\n\n\n\n<p>Nous indiquons une heure limite d\u2019accueil, car la derni\u00e8re demi-heure serait trop courte pour que les enfants profitent, d\u2019autant plus que nous encourageons \u00e0 commencer \u00e0 ranger&nbsp;! &nbsp;Cela \u00e9vite de la frustration&nbsp;!<\/p>\n\n\n\n<p>&nbsp;&nbsp;&nbsp;&nbsp;&nbsp;&nbsp;&nbsp;&nbsp;&nbsp;&nbsp;&nbsp;&nbsp;&nbsp;&nbsp; Nous sommes \u00e9galement disponibles pour vous conseiller et vous accompagner dans vos d\u00e9marches. Un ordinateur est \u00e0 disposition.<\/p>\n\n\n\n<p>Sur place, nous laissons \u00e0 disposition nos jeux de soci\u00e9t\u00e9, parcours et jeux moteurs, mat\u00e9riel de dessin,&nbsp; jeux symboliques\u2026 Nous proposons ponctuellement des activit\u00e9s ludiques (cuisine, d\u00e9corations de no\u00ebl, jardinage\u2026)<\/p>\n\n\n<div class=\"wp-block-image\">\n<figure class=\"aligncenter size-large is-resized\"><img loading=\"lazy\" decoding=\"async\" width=\"1024\" height=\"768\" src=\"https:\/\/lacabaneauxmilleet1couleursgmail.com\/wp-content\/uploads\/2024\/06\/441216191_359494857116420_8081212077587998485_n-1024x768.jpg\" alt=\"\" class=\"wp-image-587\" style=\"width:267px;height:auto\" srcset=\"https:\/\/lacabaneauxmilleet1couleurs.fr\/wp-content\/uploads\/2024\/06\/441216191_359494857116420_8081212077587998485_n-1024x768.jpg 1024w, https:\/\/lacabaneauxmilleet1couleurs.fr\/wp-content\/uploads\/2024\/06\/441216191_359494857116420_8081212077587998485_n-300x225.jpg 300w, https:\/\/lacabaneauxmilleet1couleurs.fr\/wp-content\/uploads\/2024\/06\/441216191_359494857116420_8081212077587998485_n-768x576.jpg 768w, https:\/\/lacabaneauxmilleet1couleurs.fr\/wp-content\/uploads\/2024\/06\/441216191_359494857116420_8081212077587998485_n-1536x1152.jpg 1536w, https:\/\/lacabaneauxmilleet1couleurs.fr\/wp-content\/uploads\/2024\/06\/441216191_359494857116420_8081212077587998485_n.jpg 2016w\" sizes=\"(max-width: 1024px) 100vw, 1024px\" \/><\/figure>\n<\/div>\n\n\n<p><\/p>\n\n\n\n<p>Vous pouvez \u00e9galement utiliser notre micro-onde, notre frigo et notre chauffe biberon si vous en avez besoin. Nous proposons \u00e9galement des petites collations pour les petits et les grands&nbsp;!    <\/p>\n\n\n<div class=\"wp-block-image\">\n<figure class=\"aligncenter size-large is-resized\"><img loading=\"lazy\" decoding=\"async\" width=\"1024\" height=\"1024\" src=\"https:\/\/lacabaneauxmilleet1couleursgmail.com\/wp-content\/uploads\/2024\/06\/Red-Warning-Attention-Sign-1-1024x1024.jpg\" alt=\"\" class=\"wp-image-585\" style=\"width:135px;height:auto\" srcset=\"https:\/\/lacabaneauxmilleet1couleurs.fr\/wp-content\/uploads\/2024\/06\/Red-Warning-Attention-Sign-1-1024x1024.jpg 1024w, https:\/\/lacabaneauxmilleet1couleurs.fr\/wp-content\/uploads\/2024\/06\/Red-Warning-Attention-Sign-1-300x300.jpg 300w, https:\/\/lacabaneauxmilleet1couleurs.fr\/wp-content\/uploads\/2024\/06\/Red-Warning-Attention-Sign-1-150x150.jpg 150w, https:\/\/lacabaneauxmilleet1couleurs.fr\/wp-content\/uploads\/2024\/06\/Red-Warning-Attention-Sign-1-768x768.jpg 768w, https:\/\/lacabaneauxmilleet1couleurs.fr\/wp-content\/uploads\/2024\/06\/Red-Warning-Attention-Sign-1-1536x1536.jpg 1536w, https:\/\/lacabaneauxmilleet1couleurs.fr\/wp-content\/uploads\/2024\/06\/Red-Warning-Attention-Sign-1-600x600.jpg 600w, https:\/\/lacabaneauxmilleet1couleurs.fr\/wp-content\/uploads\/2024\/06\/Red-Warning-Attention-Sign-1.jpg 2000w\" sizes=\"(max-width: 1024px) 100vw, 1024px\" \/><\/figure>\n<\/div>\n\n\n<p class=\"has-x-large-font-size\" style=\"font-style:normal;font-weight:800\">                          IMPORTANTS&nbsp;:<\/p>\n\n\n\n<p style=\"font-style:normal;font-weight:800\">&nbsp;&nbsp;&nbsp;&nbsp;&nbsp;&nbsp;&nbsp;&nbsp;&nbsp;&nbsp;&nbsp;&nbsp;&nbsp;&nbsp; Les enfants sont sous votre responsabilit\u00e9. Si les b\u00e9n\u00e9voles proposent des jeux aux enfants, ils ne peuvent prendre la responsabilit\u00e9 de ce que font les enfants. Tout objet cass\u00e9 devra \u00eatre d\u00e9dommag\u00e9.<\/p>\n\n\n\n<p style=\"font-style:normal;font-weight:800\"><\/p>\n","protected":false},"excerpt":{"rendered":"<p>Chaque premier samedi matin du mois, nous vous proposons de profiter d\u2019un moment privil\u00e9gi\u00e9 avec vos enfants autour de jeux libres et d\u2019activit\u00e9s ludique et \u00e9ducatives. Vous pourrez \u00e9changer avec l\u2019\u00e9quipe de b\u00e9n\u00e9voles, professionnels de l\u2019enfance et de la sant\u00e9. Nous pouvons aborder vos questions autour du d\u00e9veloppement psychomoteur, de la scolarit\u00e9, des accompagnements potentiels [&hellip;]<\/p>\n","protected":false},"author":1,"featured_media":588,"parent":0,"menu_order":0,"comment_status":"closed","ping_status":"closed","template":"","meta":{"ocean_post_layout":"","ocean_both_sidebars_style":"","ocean_both_sidebars_content_width":0,"ocean_both_sidebars_sidebars_width":0,"ocean_sidebar":"","ocean_second_sidebar":"","ocean_disable_margins":"enable","ocean_add_body_class":"","ocean_shortcode_before_top_bar":"","ocean_shortcode_after_top_bar":"","ocean_shortcode_before_header":"","ocean_shortcode_after_header":"","ocean_has_shortcode":"","ocean_shortcode_after_title":"","ocean_shortcode_before_footer_widgets":"","ocean_shortcode_after_footer_widgets":"","ocean_shortcode_before_footer_bottom":"","ocean_shortcode_after_footer_bottom":"","ocean_display_top_bar":"default","ocean_display_header":"default","ocean_header_style":"","ocean_center_header_left_menu":"","ocean_custom_header_template":"","ocean_custom_logo":0,"ocean_custom_retina_logo":0,"ocean_custom_logo_max_width":0,"ocean_custom_logo_tablet_max_width":0,"ocean_custom_logo_mobile_max_width":0,"ocean_custom_logo_max_height":0,"ocean_custom_logo_tablet_max_height":0,"ocean_custom_logo_mobile_max_height":0,"ocean_header_custom_menu":"","ocean_menu_typo_font_family":"","ocean_menu_typo_font_subset":"","ocean_menu_typo_font_size":0,"ocean_menu_typo_font_size_tablet":0,"ocean_menu_typo_font_size_mobile":0,"ocean_menu_typo_font_size_unit":"px","ocean_menu_typo_font_weight":"","ocean_menu_typo_font_weight_tablet":"","ocean_menu_typo_font_weight_mobile":"","ocean_menu_typo_transform":"","ocean_menu_typo_transform_tablet":"","ocean_menu_typo_transform_mobile":"","ocean_menu_typo_line_height":0,"ocean_menu_typo_line_height_tablet":0,"ocean_menu_typo_line_height_mobile":0,"ocean_menu_typo_line_height_unit":"","ocean_menu_typo_spacing":0,"ocean_menu_typo_spacing_tablet":0,"ocean_menu_typo_spacing_mobile":0,"ocean_menu_typo_spacing_unit":"","ocean_menu_link_color":"","ocean_menu_link_color_hover":"","ocean_menu_link_color_active":"","ocean_menu_link_background":"","ocean_menu_link_hover_background":"","ocean_menu_link_active_background":"","ocean_menu_social_links_bg":"","ocean_menu_social_hover_links_bg":"","ocean_menu_social_links_color":"","ocean_menu_social_hover_links_color":"","ocean_disable_title":"default","ocean_disable_heading":"default","ocean_post_title":"","ocean_post_subheading":"","ocean_post_title_style":"","ocean_post_title_background_color":"","ocean_post_title_background":0,"ocean_post_title_bg_image_position":"","ocean_post_title_bg_image_attachment":"","ocean_post_title_bg_image_repeat":"","ocean_post_title_bg_image_size":"","ocean_post_title_height":0,"ocean_post_title_bg_overlay":0.5,"ocean_post_title_bg_overlay_color":"","ocean_disable_breadcrumbs":"default","ocean_breadcrumbs_color":"","ocean_breadcrumbs_separator_color":"","ocean_breadcrumbs_links_color":"","ocean_breadcrumbs_links_hover_color":"","ocean_display_footer_widgets":"default","ocean_display_footer_bottom":"default","ocean_custom_footer_template":"","footnotes":""},"class_list":["post-453","page","type-page","status-publish","has-post-thumbnail","hentry","entry","has-media"],"_links":{"self":[{"href":"https:\/\/lacabaneauxmilleet1couleurs.fr\/index.php\/wp-json\/wp\/v2\/pages\/453","targetHints":{"allow":["GET"]}}],"collection":[{"href":"https:\/\/lacabaneauxmilleet1couleurs.fr\/index.php\/wp-json\/wp\/v2\/pages"}],"about":[{"href":"https:\/\/lacabaneauxmilleet1couleurs.fr\/index.php\/wp-json\/wp\/v2\/types\/page"}],"author":[{"embeddable":true,"href":"https:\/\/lacabaneauxmilleet1couleurs.fr\/index.php\/wp-json\/wp\/v2\/users\/1"}],"replies":[{"embeddable":true,"href":"https:\/\/lacabaneauxmilleet1couleurs.fr\/index.php\/wp-json\/wp\/v2\/comments?post=453"}],"version-history":[{"count":6,"href":"https:\/\/lacabaneauxmilleet1couleurs.fr\/index.php\/wp-json\/wp\/v2\/pages\/453\/revisions"}],"predecessor-version":[{"id":1097,"href":"https:\/\/lacabaneauxmilleet1couleurs.fr\/index.php\/wp-json\/wp\/v2\/pages\/453\/revisions\/1097"}],"wp:featuredmedia":[{"embeddable":true,"href":"https:\/\/lacabaneauxmilleet1couleurs.fr\/index.php\/wp-json\/wp\/v2\/media\/588"}],"wp:attachment":[{"href":"https:\/\/lacabaneauxmilleet1couleurs.fr\/index.php\/wp-json\/wp\/v2\/media?parent=453"}],"curies":[{"name":"wp","href":"https:\/\/api.w.org\/{rel}","templated":true}]}}