{"id":1220,"date":"2025-05-04T08:50:45","date_gmt":"2025-05-04T06:50:45","guid":{"rendered":"https:\/\/lacabaneauxmilleet1couleurs.fr\/?page_id=1220"},"modified":"2025-05-04T08:50:45","modified_gmt":"2025-05-04T06:50:45","slug":"lallocation-journaliere-de-presence-parentale-ajpp","status":"publish","type":"page","link":"https:\/\/lacabaneauxmilleet1couleurs.fr\/index.php\/lallocation-journaliere-de-presence-parentale-ajpp\/","title":{"rendered":"L&rsquo;Allocation Journali\u00e8re de Pr\u00e9sence Parentale (AJPP)"},"content":{"rendered":"\n<p>L\u2019AJPP est une compensation financi\u00e8re vers\u00e9e lorsque des parents s\u2019occupent d\u2019un enfant en situation de handicap, malade ou accident\u00e9. Cela leur permet de cesser temporairement leur activit\u00e9 professionnelle (journ\u00e9e ou demi-journ\u00e9e).<\/p>\n\n\n\n<p class=\"has-large-font-size\"><strong>Par qui\u00a0?<\/strong><\/p>\n\n\n\n<p>L\u2019AJPP est g\u00e9r\u00e9 par la CAF ou la MSA (r\u00e9gime agricole).<\/p>\n\n\n\n<p>Un m\u00e9decin du service de contr\u00f4le m\u00e9dical de la caisse d\u2019assurance maladie doit donner un avis favorable.<\/p>\n\n\n\n<p class=\"has-large-font-size\"><u><strong>Conditions\u00a0?<\/strong><\/u><\/p>\n\n\n\n<p>L\u2019enfant doit&nbsp;:<\/p>\n\n\n\n<ul class=\"wp-block-list\">\n<li>\u00a0avoir moins de 20 ans<\/li>\n\n\n\n<li>\u00eatre \u00e0 la charge des parents<\/li>\n\n\n\n<li>n\u00e9cessiter de soins contraignants et la pr\u00e9sence de ses parents<\/li>\n<\/ul>\n\n\n\n<p>Le parent doit \u00eatre&nbsp;:<\/p>\n\n\n\n<ul class=\"wp-block-list\">\n<li>salari\u00e9 dans le secteur priv\u00e9,<\/li>\n\n\n\n<li>agent du secteur public,<\/li>\n\n\n\n<li>voyageur repr\u00e9sentant placier<\/li>\n\n\n\n<li>salari\u00e9 \u00e0 domicile employ\u00e9 par un particulier (garde \u00e0 domicile)<\/li>\n\n\n\n<li>travailleur non-salari\u00e9<\/li>\n\n\n\n<li>personne en formation professionnelle r\u00e9mun\u00e9r\u00e9e<\/li>\n\n\n\n<li>demandeur d\u2019emploi indemnis\u00e9 par France Travail<\/li>\n<\/ul>\n\n\n\n<p><\/p>\n\n\n\n<p class=\"has-large-font-size\"><strong><u>Quel forfait&nbsp;?<\/u><\/strong><\/p>\n\n\n\n<p>Durant 3 ans, le parent a droit \u00e0 310 jours d\u2019allocations journali\u00e8res. L\u2019allocation est vers\u00e9e dans la limite de 22 jours par mois.<\/p>\n\n\n\n<p>L\u2019AJPP peut faire l\u2019objet d\u2019une avance en attendant la validation du m\u00e9decin de contr\u00f4le.<\/p>\n\n\n\n<p>L\u2019AJPP est due \u00e0 compter du 1<sup>er<\/sup> jour du mois civil, \u00e0 terme \u00e9chu (janvier pay\u00e9 en f\u00e9vrier)<\/p>\n\n\n\n<p>L\u2019AJPP est renouvelable 3 ans pour le traitement d\u2019un autre trouble.<\/p>\n\n\n\n<p>Si les 310 jours ont \u00e9t\u00e9 pris avant la fin des 3 ans, l\u2019AJPP est renouvelable aussit\u00f4t pour les m\u00eames troubles ou accidents.<\/p>\n\n\n\n<p>Un compl\u00e9ment peut \u00e9galement \u00eatre allou\u00e9 pour compenser les frais engendr\u00e9s par les soins de l\u2019enfant, si les d\u00e9penses mensuelles non rembours\u00e9es par la s\u00e9curit\u00e9 sociale ou la mutuelle d\u00e9passent 128.34\u20ac par mois. Il est soumis \u00e0 une condition de ressources des parents.<\/p>\n\n\n\n<p>Le montant de ce compl\u00e9ment est de 128.34\u20ac par mois.<\/p>\n\n\n\n<p><\/p>\n\n\n\n<p class=\"has-large-font-size\"><strong><u>Situations particuli\u00e8res&nbsp;:<\/u><\/strong><\/p>\n\n\n\n<p>L\u2019AJPP peut \u00eatre partag\u00e9e par les deux parents.<\/p>\n\n\n\n<p>L&rsquo;AJPP&nbsp;<strong>n&rsquo;est pas cumulable<\/strong> avec les prestations suivantes&nbsp;:<\/p>\n\n\n\n<ul class=\"wp-block-list\">\n<li>Indemnisation des cong\u00e9s de maternit\u00e9, de paternit\u00e9 ou d&rsquo;adoption<\/li>\n\n\n\n<li>Allocation forfaitaire de repos maternel ou l&rsquo;allocation de remplacement pour maternit\u00e9 (indemnit\u00e9s pouvant \u00eatre vers\u00e9es aux travailleurs ind\u00e9pendants par leur r\u00e9gime d\u2019assurance maladie)<\/li>\n\n\n\n<li>Indemnisation des cong\u00e9s maladie ou d&rsquo;accident du travail<\/li>\n\n\n\n<li>Pension de retraite ou d&rsquo;invalidit\u00e9,<\/li>\n\n\n\n<li>Prestation partag\u00e9e d&rsquo;\u00e9ducation de l&rsquo;enfant (PreParE)<\/li>\n\n\n\n<li>Compl\u00e9ment et majoration de l&rsquo;<a href=\"https:\/\/lacabaneauxmilleet1couleurs.fr\/index.php\/2025\/04\/29\/aeeh-allocation-deducation-de-lenfant-handicape\/\">allocation d&rsquo;\u00e9ducation de l&rsquo;enfant handicap\u00e9 (AEEH)<\/a>\u00a0per\u00e7us pour le m\u00eame enfant<\/li>\n\n\n\n<li>Allocation aux adultes handicap\u00e9s (AAH)<\/li>\n\n\n\n<li>Prestation de compensation du handicap (PCH)\u00a0li\u00e9e \u00e0 un besoin d&rsquo;aide humaine<\/li>\n\n\n\n<li>Allocations ch\u00f4mage.<\/li>\n<\/ul>\n\n\n\n<p class=\"has-large-font-size\"><strong><u>Documents \u00e0 fournir&nbsp;\u00e0 la CAF ou MSA:<\/u><\/strong><\/p>\n\n\n\n<p>Un certificat m\u00e9dical doit attester de la gravit\u00e9 de la maladie, du handicap ou de l\u2019accident de l\u2019enfant et \u00eatre \u00e9tabli par le m\u00e9decin qui suit l\u2019enfant. Il doit pr\u00e9ciser&nbsp;:<\/p>\n\n\n\n<ul class=\"wp-block-list\">\n<li>la nature des soins contraignants<\/li>\n\n\n\n<li>les modalit\u00e9s de la pr\u00e9sence des parents aux c\u00f4t\u00e9s de l\u2019enfant<\/li>\n\n\n\n<li>la dur\u00e9e pr\u00e9visible du traitement de l\u2019enfant.<\/li>\n<\/ul>\n\n\n\n<p>Une attestation de la situation professionnelle du\/des parent\/s sera demand\u00e9.<\/p>\n\n\n\n<p>Chaque mois, le parent devra remplir un justificatif indiquant le nombre de jours d\u2019absence au cours du mois et les frais engag\u00e9s (pour recevoir le compl\u00e9ment). Pour les salari\u00e9s, l\u2019attestation est compl\u00e9t\u00e9 par l\u2019employeur.<\/p>\n\n\n\n<p><\/p>\n\n\n\n<p class=\"has-large-font-size\"><strong>Pour une simulation\u00a0:<\/strong><\/p>\n\n\n\n<p><a href=\"https:\/\/www.service-public.fr\/particuliers\/vosdroits\/F15132\">https:\/\/www.service-public.fr\/particuliers\/vosdroits\/F15132<\/a><\/p>\n\n\n\n<p><\/p>\n","protected":false},"excerpt":{"rendered":"<p>L\u2019AJPP est une compensation financi\u00e8re vers\u00e9e lorsque des parents s\u2019occupent d\u2019un enfant en situation de handicap, malade ou accident\u00e9. Cela leur permet de cesser temporairement leur activit\u00e9 professionnelle (journ\u00e9e ou demi-journ\u00e9e). Par qui\u00a0? L\u2019AJPP est g\u00e9r\u00e9 par la CAF ou la MSA (r\u00e9gime agricole). Un m\u00e9decin du service de contr\u00f4le m\u00e9dical de la caisse d\u2019assurance [&hellip;]<\/p>\n","protected":false},"author":1,"featured_media":0,"parent":0,"menu_order":0,"comment_status":"closed","ping_status":"closed","template":"","meta":{"ocean_post_layout":"","ocean_both_sidebars_style":"","ocean_both_sidebars_content_width":0,"ocean_both_sidebars_sidebars_width":0,"ocean_sidebar":"","ocean_second_sidebar":"","ocean_disable_margins":"enable","ocean_add_body_class":"","ocean_shortcode_before_top_bar":"","ocean_shortcode_after_top_bar":"","ocean_shortcode_before_header":"","ocean_shortcode_after_header":"","ocean_has_shortcode":"","ocean_shortcode_after_title":"","ocean_shortcode_before_footer_widgets":"","ocean_shortcode_after_footer_widgets":"","ocean_shortcode_before_footer_bottom":"","ocean_shortcode_after_footer_bottom":"","ocean_display_top_bar":"default","ocean_display_header":"default","ocean_header_style":"","ocean_center_header_left_menu":"","ocean_custom_header_template":"","ocean_custom_logo":0,"ocean_custom_retina_logo":0,"ocean_custom_logo_max_width":0,"ocean_custom_logo_tablet_max_width":0,"ocean_custom_logo_mobile_max_width":0,"ocean_custom_logo_max_height":0,"ocean_custom_logo_tablet_max_height":0,"ocean_custom_logo_mobile_max_height":0,"ocean_header_custom_menu":"","ocean_menu_typo_font_family":"","ocean_menu_typo_font_subset":"","ocean_menu_typo_font_size":0,"ocean_menu_typo_font_size_tablet":0,"ocean_menu_typo_font_size_mobile":0,"ocean_menu_typo_font_size_unit":"px","ocean_menu_typo_font_weight":"","ocean_menu_typo_font_weight_tablet":"","ocean_menu_typo_font_weight_mobile":"","ocean_menu_typo_transform":"","ocean_menu_typo_transform_tablet":"","ocean_menu_typo_transform_mobile":"","ocean_menu_typo_line_height":0,"ocean_menu_typo_line_height_tablet":0,"ocean_menu_typo_line_height_mobile":0,"ocean_menu_typo_line_height_unit":"","ocean_menu_typo_spacing":0,"ocean_menu_typo_spacing_tablet":0,"ocean_menu_typo_spacing_mobile":0,"ocean_menu_typo_spacing_unit":"","ocean_menu_link_color":"","ocean_menu_link_color_hover":"","ocean_menu_link_color_active":"","ocean_menu_link_background":"","ocean_menu_link_hover_background":"","ocean_menu_link_active_background":"","ocean_menu_social_links_bg":"","ocean_menu_social_hover_links_bg":"","ocean_menu_social_links_color":"","ocean_menu_social_hover_links_color":"","ocean_disable_title":"default","ocean_disable_heading":"default","ocean_post_title":"","ocean_post_subheading":"","ocean_post_title_style":"","ocean_post_title_background_color":"","ocean_post_title_background":0,"ocean_post_title_bg_image_position":"","ocean_post_title_bg_image_attachment":"","ocean_post_title_bg_image_repeat":"","ocean_post_title_bg_image_size":"","ocean_post_title_height":0,"ocean_post_title_bg_overlay":0.5,"ocean_post_title_bg_overlay_color":"","ocean_disable_breadcrumbs":"default","ocean_breadcrumbs_color":"","ocean_breadcrumbs_separator_color":"","ocean_breadcrumbs_links_color":"","ocean_breadcrumbs_links_hover_color":"","ocean_display_footer_widgets":"default","ocean_display_footer_bottom":"default","ocean_custom_footer_template":"","footnotes":""},"class_list":["post-1220","page","type-page","status-publish","hentry","entry"],"_links":{"self":[{"href":"https:\/\/lacabaneauxmilleet1couleurs.fr\/index.php\/wp-json\/wp\/v2\/pages\/1220","targetHints":{"allow":["GET"]}}],"collection":[{"href":"https:\/\/lacabaneauxmilleet1couleurs.fr\/index.php\/wp-json\/wp\/v2\/pages"}],"about":[{"href":"https:\/\/lacabaneauxmilleet1couleurs.fr\/index.php\/wp-json\/wp\/v2\/types\/page"}],"author":[{"embeddable":true,"href":"https:\/\/lacabaneauxmilleet1couleurs.fr\/index.php\/wp-json\/wp\/v2\/users\/1"}],"replies":[{"embeddable":true,"href":"https:\/\/lacabaneauxmilleet1couleurs.fr\/index.php\/wp-json\/wp\/v2\/comments?post=1220"}],"version-history":[{"count":1,"href":"https:\/\/lacabaneauxmilleet1couleurs.fr\/index.php\/wp-json\/wp\/v2\/pages\/1220\/revisions"}],"predecessor-version":[{"id":1221,"href":"https:\/\/lacabaneauxmilleet1couleurs.fr\/index.php\/wp-json\/wp\/v2\/pages\/1220\/revisions\/1221"}],"wp:attachment":[{"href":"https:\/\/lacabaneauxmilleet1couleurs.fr\/index.php\/wp-json\/wp\/v2\/media?parent=1220"}],"curies":[{"name":"wp","href":"https:\/\/api.w.org\/{rel}","templated":true}]}}