{"id":1151,"date":"2025-04-21T18:32:43","date_gmt":"2025-04-21T16:32:43","guid":{"rendered":"https:\/\/lacabaneauxmilleet1couleurs.fr\/?page_id=1151"},"modified":"2025-04-30T08:31:54","modified_gmt":"2025-04-30T06:31:54","slug":"calcul-du-taux-de-handicap","status":"publish","type":"page","link":"https:\/\/lacabaneauxmilleet1couleurs.fr\/index.php\/calcul-du-taux-de-handicap\/","title":{"rendered":"CALCUL DU TAUX DE HANDICAP"},"content":{"rendered":"\n<p>Le degr\u00e9 d\u2019incapacit\u00e9 est d\u00e9termin\u00e9 par la CPAM (s\u00e9curit\u00e9 sociale) et la MDPH. Ce taux vous permet d\u2019ouvrir des droits selon vos besoins. Il est \u00e9valu\u00e9 selon les cons\u00e9quences que votre handicap a sur votre quotidien&nbsp;: hygi\u00e8ne, d\u00e9placement, accessibilit\u00e9 environnementale, p\u00e9dagogie adapt\u00e9e pour la scolarit\u00e9\u2026 il est r\u00e9f\u00e9renc\u00e9 dans un guide-bar\u00eame (<a href=\"https:\/\/www.legifrance.gouv.fr\/loda\/id\/JORFTEXT000000823675\">d\u00e9cret n\u00b02007-1574 du 6 novembre 2007<\/a>). Il identifie 8 types de d\u00e9ficiences&nbsp;:<\/p>\n\n\n<div class=\"wp-block-image\">\n<figure class=\"alignright size-large is-resized\"><img fetchpriority=\"high\" decoding=\"async\" width=\"1024\" height=\"682\" src=\"https:\/\/lacabaneauxmilleet1couleurs.fr\/wp-content\/uploads\/2025\/04\/graph-2588994_1280-1024x682.jpg\" alt=\"\" class=\"wp-image-1152\" style=\"width:402px;height:auto\" srcset=\"https:\/\/lacabaneauxmilleet1couleurs.fr\/wp-content\/uploads\/2025\/04\/graph-2588994_1280-1024x682.jpg 1024w, https:\/\/lacabaneauxmilleet1couleurs.fr\/wp-content\/uploads\/2025\/04\/graph-2588994_1280-300x200.jpg 300w, https:\/\/lacabaneauxmilleet1couleurs.fr\/wp-content\/uploads\/2025\/04\/graph-2588994_1280-768x512.jpg 768w, https:\/\/lacabaneauxmilleet1couleurs.fr\/wp-content\/uploads\/2025\/04\/graph-2588994_1280.jpg 1280w\" sizes=\"(max-width: 1024px) 100vw, 1024px\" \/><\/figure>\n<\/div>\n\n\n<ul class=\"wp-block-list\">\n<li>&nbsp;Les d\u00e9ficiences intellectuelles et difficult\u00e9s de comportement ;<\/li>\n\n\n\n<li>Les d\u00e9ficiences du psychisme ;<\/li>\n\n\n\n<li>Les d\u00e9ficiences de l\u2019audition ;<\/li>\n\n\n\n<li>Les d\u00e9ficiences du langage et de la parole ;<\/li>\n\n\n\n<li>Les d\u00e9ficiences de la vision ;<\/li>\n\n\n\n<li>Les d\u00e9ficiences visc\u00e9rales et g\u00e9n\u00e9rales ;<\/li>\n\n\n\n<li>Les d\u00e9ficiences de l\u2019appareil locomoteur ;<\/li>\n\n\n\n<li>Les d\u00e9ficiences esth\u00e9tiques.<\/li>\n<\/ul>\n\n\n\n<p>et 4 \u00e0 5 grades de s\u00e9v\u00e9rit\u00e9 qui permettent d\u2019\u00e9tablir des fourchettes d\u2019incapacit\u00e9.<\/p>\n\n\n\n<ul class=\"wp-block-list\">\n<li><strong><u>Forme l\u00e9g\u00e8re : taux de 1 \u00e0 15 %&nbsp;<\/u><\/strong><\/li>\n\n\n\n<li><strong><u>Forme mod\u00e9r\u00e9e : taux de 20 \u00e0 49 %<\/u><\/strong><\/li>\n<\/ul>\n\n\n\n<p>Pour des taux de 1 \u00e0 50%, les cons\u00e9quences du handicap n\u2019entravent pas la r\u00e9alisation des actes de la vie quotidienne. Il permet une reconnaissance du handicap mais n\u2019ouvre pas des droits aux aides financi\u00e8res.<strong><u><\/u><\/strong><\/p>\n\n\n<div class=\"wp-block-image\">\n<figure class=\"alignleft size-full is-resized\"><img decoding=\"async\" width=\"428\" height=\"640\" src=\"https:\/\/lacabaneauxmilleet1couleurs.fr\/wp-content\/uploads\/2025\/04\/coins-8450635_640.jpg\" alt=\"\" class=\"wp-image-1153\" style=\"width:235px;height:auto\" srcset=\"https:\/\/lacabaneauxmilleet1couleurs.fr\/wp-content\/uploads\/2025\/04\/coins-8450635_640.jpg 428w, https:\/\/lacabaneauxmilleet1couleurs.fr\/wp-content\/uploads\/2025\/04\/coins-8450635_640-201x300.jpg 201w\" sizes=\"(max-width: 428px) 100vw, 428px\" \/><\/figure>\n<\/div>\n\n\n<ul class=\"wp-block-list\">\n<li><strong><u>Forme importante : taux de 50 \u00e0 79 %&nbsp;:<\/u><\/strong> l\u2019impact sur le quotidien est plus <\/li>\n<\/ul>\n\n\n\n<p>cons\u00e9quent. Ce taux n\u2019ouvre pas de droits \u00e0 l\u2019allocation adulte handicap\u00e9 (AAH) sauf si il y a une restriction durable de l\u2019acc\u00e8s \u00e0 l\u2019emploi.<strong><u><\/u><\/strong><\/p>\n\n\n\n<ul class=\"wp-block-list\">\n<li><strong><u>Forme s\u00e9v\u00e8re ou majeure : taux de 80 \u00e0 95 %\u00a0:<\/u><\/strong> l\u2019autonomie de la personne au quotidien est tr\u00e8s restreinte. Il est octroy\u00e9 \u00e0 partir du moment o\u00f9 la personne a besoin d\u2019une aide ou d\u2019une surveillance accrue dans l\u2019accomplissement des actes de la vie quotidienne. Cela ouvre de nombreux droits.<\/li>\n<\/ul>\n","protected":false},"excerpt":{"rendered":"<p>Le degr\u00e9 d\u2019incapacit\u00e9 est d\u00e9termin\u00e9 par la CPAM (s\u00e9curit\u00e9 sociale) et la MDPH. Ce taux vous permet d\u2019ouvrir des droits selon vos besoins. Il est \u00e9valu\u00e9 selon les cons\u00e9quences que votre handicap a sur votre quotidien&nbsp;: hygi\u00e8ne, d\u00e9placement, accessibilit\u00e9 environnementale, p\u00e9dagogie adapt\u00e9e pour la scolarit\u00e9\u2026 il est r\u00e9f\u00e9renc\u00e9 dans un guide-bar\u00eame (d\u00e9cret n\u00b02007-1574 du 6 [&hellip;]<\/p>\n","protected":false},"author":1,"featured_media":1153,"parent":0,"menu_order":0,"comment_status":"closed","ping_status":"closed","template":"","meta":{"ocean_post_layout":"","ocean_both_sidebars_style":"","ocean_both_sidebars_content_width":0,"ocean_both_sidebars_sidebars_width":0,"ocean_sidebar":"","ocean_second_sidebar":"","ocean_disable_margins":"enable","ocean_add_body_class":"","ocean_shortcode_before_top_bar":"","ocean_shortcode_after_top_bar":"","ocean_shortcode_before_header":"","ocean_shortcode_after_header":"","ocean_has_shortcode":"","ocean_shortcode_after_title":"","ocean_shortcode_before_footer_widgets":"","ocean_shortcode_after_footer_widgets":"","ocean_shortcode_before_footer_bottom":"","ocean_shortcode_after_footer_bottom":"","ocean_display_top_bar":"default","ocean_display_header":"default","ocean_header_style":"","ocean_center_header_left_menu":"","ocean_custom_header_template":"","ocean_custom_logo":0,"ocean_custom_retina_logo":0,"ocean_custom_logo_max_width":0,"ocean_custom_logo_tablet_max_width":0,"ocean_custom_logo_mobile_max_width":0,"ocean_custom_logo_max_height":0,"ocean_custom_logo_tablet_max_height":0,"ocean_custom_logo_mobile_max_height":0,"ocean_header_custom_menu":"","ocean_menu_typo_font_family":"","ocean_menu_typo_font_subset":"","ocean_menu_typo_font_size":0,"ocean_menu_typo_font_size_tablet":0,"ocean_menu_typo_font_size_mobile":0,"ocean_menu_typo_font_size_unit":"px","ocean_menu_typo_font_weight":"","ocean_menu_typo_font_weight_tablet":"","ocean_menu_typo_font_weight_mobile":"","ocean_menu_typo_transform":"","ocean_menu_typo_transform_tablet":"","ocean_menu_typo_transform_mobile":"","ocean_menu_typo_line_height":0,"ocean_menu_typo_line_height_tablet":0,"ocean_menu_typo_line_height_mobile":0,"ocean_menu_typo_line_height_unit":"","ocean_menu_typo_spacing":0,"ocean_menu_typo_spacing_tablet":0,"ocean_menu_typo_spacing_mobile":0,"ocean_menu_typo_spacing_unit":"","ocean_menu_link_color":"","ocean_menu_link_color_hover":"","ocean_menu_link_color_active":"","ocean_menu_link_background":"","ocean_menu_link_hover_background":"","ocean_menu_link_active_background":"","ocean_menu_social_links_bg":"","ocean_menu_social_hover_links_bg":"","ocean_menu_social_links_color":"","ocean_menu_social_hover_links_color":"","ocean_disable_title":"default","ocean_disable_heading":"default","ocean_post_title":"","ocean_post_subheading":"","ocean_post_title_style":"","ocean_post_title_background_color":"","ocean_post_title_background":0,"ocean_post_title_bg_image_position":"","ocean_post_title_bg_image_attachment":"","ocean_post_title_bg_image_repeat":"","ocean_post_title_bg_image_size":"","ocean_post_title_height":0,"ocean_post_title_bg_overlay":0.5,"ocean_post_title_bg_overlay_color":"","ocean_disable_breadcrumbs":"default","ocean_breadcrumbs_color":"","ocean_breadcrumbs_separator_color":"","ocean_breadcrumbs_links_color":"","ocean_breadcrumbs_links_hover_color":"","ocean_display_footer_widgets":"default","ocean_display_footer_bottom":"default","ocean_custom_footer_template":"","footnotes":""},"class_list":["post-1151","page","type-page","status-publish","has-post-thumbnail","hentry","entry","has-media"],"_links":{"self":[{"href":"https:\/\/lacabaneauxmilleet1couleurs.fr\/index.php\/wp-json\/wp\/v2\/pages\/1151","targetHints":{"allow":["GET"]}}],"collection":[{"href":"https:\/\/lacabaneauxmilleet1couleurs.fr\/index.php\/wp-json\/wp\/v2\/pages"}],"about":[{"href":"https:\/\/lacabaneauxmilleet1couleurs.fr\/index.php\/wp-json\/wp\/v2\/types\/page"}],"author":[{"embeddable":true,"href":"https:\/\/lacabaneauxmilleet1couleurs.fr\/index.php\/wp-json\/wp\/v2\/users\/1"}],"replies":[{"embeddable":true,"href":"https:\/\/lacabaneauxmilleet1couleurs.fr\/index.php\/wp-json\/wp\/v2\/comments?post=1151"}],"version-history":[{"count":2,"href":"https:\/\/lacabaneauxmilleet1couleurs.fr\/index.php\/wp-json\/wp\/v2\/pages\/1151\/revisions"}],"predecessor-version":[{"id":1189,"href":"https:\/\/lacabaneauxmilleet1couleurs.fr\/index.php\/wp-json\/wp\/v2\/pages\/1151\/revisions\/1189"}],"wp:featuredmedia":[{"embeddable":true,"href":"https:\/\/lacabaneauxmilleet1couleurs.fr\/index.php\/wp-json\/wp\/v2\/media\/1153"}],"wp:attachment":[{"href":"https:\/\/lacabaneauxmilleet1couleurs.fr\/index.php\/wp-json\/wp\/v2\/media?parent=1151"}],"curies":[{"name":"wp","href":"https:\/\/api.w.org\/{rel}","templated":true}]}}