{"id":1146,"date":"2025-04-21T18:14:25","date_gmt":"2025-04-21T16:14:25","guid":{"rendered":"https:\/\/lacabaneauxmilleet1couleurs.fr\/?page_id=1146"},"modified":"2025-04-24T21:12:34","modified_gmt":"2025-04-24T19:12:34","slug":"pieces-a-fournir-pour-remplir-le-dossier-mdph","status":"publish","type":"page","link":"https:\/\/lacabaneauxmilleet1couleurs.fr\/index.php\/pieces-a-fournir-pour-remplir-le-dossier-mdph\/","title":{"rendered":"PIECES A FOURNIR POUR REMPLIR LE DOSSIER MDPH"},"content":{"rendered":"\n<p>NB&nbsp;: ATTENTION&nbsp;! le dossier doit \u00eatre sign\u00e9 par les deux parents tuteurs l\u00e9gaux, que ce soit au format papier ou au format num\u00e9rique (une adresse mail pour le parent ne remplissant pas le dossier vous sera demand\u00e9 pour qu\u2019il signe \u00e9lectroniquement le dossier).<\/p>\n\n\n\n<ul class=\"wp-block-list\">\n<li><strong><u>Num\u00e9ro de s\u00e9curit\u00e9 sociale&nbsp;:<\/u><\/strong><\/li>\n<\/ul>\n\n\n\n<p>Il vous faudra le num\u00e9ro du parent qui remplit, ainsi que celui de la personne concern\u00e9e.<\/p>\n\n\n\n<ul class=\"wp-block-list\">\n<li><strong><u>Justificatif d\u2019identit\u00e9&nbsp;:<\/u><\/strong><\/li>\n<\/ul>\n\n\n\n<div class=\"wp-block-group is-nowrap is-layout-flex wp-container-core-group-is-layout-ad2f72ca wp-block-group-is-layout-flex\">\n<figure class=\"wp-block-image size-full\"><img fetchpriority=\"high\" decoding=\"async\" width=\"254\" height=\"198\" src=\"https:\/\/lacabaneauxmilleet1couleurs.fr\/wp-content\/uploads\/2025\/04\/telechargement-4.jpg\" alt=\"\" class=\"wp-image-1163\"\/><\/figure>\n\n\n\n<p>Pour les parents ou l\u2019enfant adulte&nbsp;: Carte d\u2019identit\u00e9, passeport, permis de conduire\u2026 recto-verso<\/p>\n<\/div>\n\n\n\n<p>Pour l\u2019enfant mineur&nbsp;: Livret de famille complet (parent(s), enfant concern\u00e9) avec le tampon et la signature de l\u2019officier de l\u2019Etat civil lisible.<\/p>\n\n\n\n<ul class=\"wp-block-list\">\n<li><strong><u>Justificatif de domicile&nbsp;:<\/u><\/strong><\/li>\n<\/ul>\n\n\n\n<p>Il doit dat\u00e9 de moins de 3 mois et doit \u00eatre au nom de la personne concern\u00e9e ou des tuteurs l\u00e9gaux&nbsp;: quittance de loyer, facture d\u2019\u00e9lectricit\u00e9, de gaz, de t\u00e9l\u00e9phone, d\u2019eau, d\u2019abonnement internet, contrat de bail, attestation d\u2019assurance habitation\u2026 bref, tout document officiel avec nom et adresse de la personne.<\/p>\n\n\n\n<p>Pour un enfant majeur vivant au domicile de ses parents&nbsp;: justificatif de domicile et attestation sur l\u2019honneur de l\u2019h\u00e9bergeant.<\/p>\n\n\n\n<p>Pour un enfant mineur ou majeur vivant en \u00e9tablissement&nbsp;: attestation de domiciliation ou attestation d\u2019h\u00e9bergement.<\/p>\n\n\n\n<ul class=\"wp-block-list\">\n<li><strong><u>En cas de parents s\u00e9par\u00e9s&nbsp;:<\/u><\/strong><\/li>\n<\/ul>\n\n\n\n<p>Photocopie int\u00e9grale du jugement en protection juridique, attestation des modalit\u00e9s concernant l\u2019autorit\u00e9 parentale<\/p>\n\n\n\n<ul class=\"wp-block-list\">\n<li><strong><u>Cerfa m\u00e9dical&nbsp;:<\/u><\/strong><\/li>\n<\/ul>\n\n\n<div class=\"wp-block-image\">\n<figure class=\"alignright size-full is-resized\"><img decoding=\"async\" width=\"286\" height=\"176\" src=\"https:\/\/lacabaneauxmilleet1couleurs.fr\/wp-content\/uploads\/2025\/04\/telechargement-1-1.jpg\" alt=\"\" class=\"wp-image-1162\" style=\"width:219px;height:auto\"\/><\/figure>\n<\/div>\n\n\n<p>Ce document est \u00e0 t\u00e9l\u00e9charger si vous r\u00e9alisez le dossier num\u00e9rique (il est fourni si le format est papier) et \u00e0 transmettre au m\u00e9decin qui suit votre enfant (g\u00e9n\u00e9raliste, neurop\u00e9diatre, p\u00e9dopsychiatre). Il doit dat\u00e9 de moins de 6 mois. La signature et le cachet du m\u00e9decin, ainsi que la date de signature sont obligatoires.<\/p>\n\n\n\n<ul class=\"wp-block-list\">\n<li><strong><u>Gevasco&nbsp;:<\/u><\/strong><\/li>\n<\/ul>\n\n\n\n<p>Ce document est fourni et rempli par l\u2019\u00e9cole. Il peut \u00eatre compl\u00e9t\u00e9 lors d\u2019une \u00e9quipe \u00e9ducative ou une \u00e9quipe de suivi de scolarit\u00e9.<\/p>\n","protected":false},"excerpt":{"rendered":"<p>NB&nbsp;: ATTENTION&nbsp;! le dossier doit \u00eatre sign\u00e9 par les deux parents tuteurs l\u00e9gaux, que ce soit au format papier ou au format num\u00e9rique (une adresse mail pour le parent ne remplissant pas le dossier vous sera demand\u00e9 pour qu\u2019il signe \u00e9lectroniquement le dossier). Il vous faudra le num\u00e9ro du parent qui remplit, ainsi que celui [&hellip;]<\/p>\n","protected":false},"author":1,"featured_media":0,"parent":0,"menu_order":0,"comment_status":"closed","ping_status":"closed","template":"","meta":{"ocean_post_layout":"","ocean_both_sidebars_style":"","ocean_both_sidebars_content_width":0,"ocean_both_sidebars_sidebars_width":0,"ocean_sidebar":"","ocean_second_sidebar":"","ocean_disable_margins":"enable","ocean_add_body_class":"","ocean_shortcode_before_top_bar":"","ocean_shortcode_after_top_bar":"","ocean_shortcode_before_header":"","ocean_shortcode_after_header":"","ocean_has_shortcode":"","ocean_shortcode_after_title":"","ocean_shortcode_before_footer_widgets":"","ocean_shortcode_after_footer_widgets":"","ocean_shortcode_before_footer_bottom":"","ocean_shortcode_after_footer_bottom":"","ocean_display_top_bar":"default","ocean_display_header":"default","ocean_header_style":"","ocean_center_header_left_menu":"","ocean_custom_header_template":"","ocean_custom_logo":0,"ocean_custom_retina_logo":0,"ocean_custom_logo_max_width":0,"ocean_custom_logo_tablet_max_width":0,"ocean_custom_logo_mobile_max_width":0,"ocean_custom_logo_max_height":0,"ocean_custom_logo_tablet_max_height":0,"ocean_custom_logo_mobile_max_height":0,"ocean_header_custom_menu":"","ocean_menu_typo_font_family":"","ocean_menu_typo_font_subset":"","ocean_menu_typo_font_size":0,"ocean_menu_typo_font_size_tablet":0,"ocean_menu_typo_font_size_mobile":0,"ocean_menu_typo_font_size_unit":"px","ocean_menu_typo_font_weight":"","ocean_menu_typo_font_weight_tablet":"","ocean_menu_typo_font_weight_mobile":"","ocean_menu_typo_transform":"","ocean_menu_typo_transform_tablet":"","ocean_menu_typo_transform_mobile":"","ocean_menu_typo_line_height":0,"ocean_menu_typo_line_height_tablet":0,"ocean_menu_typo_line_height_mobile":0,"ocean_menu_typo_line_height_unit":"","ocean_menu_typo_spacing":0,"ocean_menu_typo_spacing_tablet":0,"ocean_menu_typo_spacing_mobile":0,"ocean_menu_typo_spacing_unit":"","ocean_menu_link_color":"","ocean_menu_link_color_hover":"","ocean_menu_link_color_active":"","ocean_menu_link_background":"","ocean_menu_link_hover_background":"","ocean_menu_link_active_background":"","ocean_menu_social_links_bg":"","ocean_menu_social_hover_links_bg":"","ocean_menu_social_links_color":"","ocean_menu_social_hover_links_color":"","ocean_disable_title":"default","ocean_disable_heading":"default","ocean_post_title":"","ocean_post_subheading":"","ocean_post_title_style":"","ocean_post_title_background_color":"","ocean_post_title_background":0,"ocean_post_title_bg_image_position":"","ocean_post_title_bg_image_attachment":"","ocean_post_title_bg_image_repeat":"","ocean_post_title_bg_image_size":"","ocean_post_title_height":0,"ocean_post_title_bg_overlay":0.5,"ocean_post_title_bg_overlay_color":"","ocean_disable_breadcrumbs":"default","ocean_breadcrumbs_color":"","ocean_breadcrumbs_separator_color":"","ocean_breadcrumbs_links_color":"","ocean_breadcrumbs_links_hover_color":"","ocean_display_footer_widgets":"default","ocean_display_footer_bottom":"default","ocean_custom_footer_template":"","footnotes":""},"class_list":["post-1146","page","type-page","status-publish","hentry","entry"],"_links":{"self":[{"href":"https:\/\/lacabaneauxmilleet1couleurs.fr\/index.php\/wp-json\/wp\/v2\/pages\/1146","targetHints":{"allow":["GET"]}}],"collection":[{"href":"https:\/\/lacabaneauxmilleet1couleurs.fr\/index.php\/wp-json\/wp\/v2\/pages"}],"about":[{"href":"https:\/\/lacabaneauxmilleet1couleurs.fr\/index.php\/wp-json\/wp\/v2\/types\/page"}],"author":[{"embeddable":true,"href":"https:\/\/lacabaneauxmilleet1couleurs.fr\/index.php\/wp-json\/wp\/v2\/users\/1"}],"replies":[{"embeddable":true,"href":"https:\/\/lacabaneauxmilleet1couleurs.fr\/index.php\/wp-json\/wp\/v2\/comments?post=1146"}],"version-history":[{"count":3,"href":"https:\/\/lacabaneauxmilleet1couleurs.fr\/index.php\/wp-json\/wp\/v2\/pages\/1146\/revisions"}],"predecessor-version":[{"id":1165,"href":"https:\/\/lacabaneauxmilleet1couleurs.fr\/index.php\/wp-json\/wp\/v2\/pages\/1146\/revisions\/1165"}],"wp:attachment":[{"href":"https:\/\/lacabaneauxmilleet1couleurs.fr\/index.php\/wp-json\/wp\/v2\/media?parent=1146"}],"curies":[{"name":"wp","href":"https:\/\/api.w.org\/{rel}","templated":true}]}}